{"id":2621,"date":"2025-09-03T19:19:22","date_gmt":"2025-09-03T17:19:22","guid":{"rendered":"https:\/\/www.lestival.fr\/?page_id=2621"},"modified":"2025-09-16T17:56:27","modified_gmt":"2025-09-16T15:56:27","slug":"rencontres-pros","status":"publish","type":"page","link":"https:\/\/markuscrea.ovh\/lestival\/rencontres-pros\/","title":{"rendered":"Les rencontres pros de L&rsquo;Estival"},"content":{"rendered":"\n<style type=\"text\/css\" data-created_by=\"avia_inline_auto\" id=\"style-css-av-9wpxz-2c74b4969aac8aece2049f00f8687ffc\">\n.avia-section.av-9wpxz-2c74b4969aac8aece2049f00f8687ffc{\nmargin-top:0px;\nmargin-bottom:0px;\n}\n.avia-section.av-9wpxz-2c74b4969aac8aece2049f00f8687ffc .av-parallax .av-parallax-inner{\nbackground-repeat:no-repeat;\nbackground-image:url(https:\/\/markuscrea.ovh\/lestival\/wp-content\/uploads\/2025\/09\/rencontres-pros_header.jpg);\nbackground-position:50% 50%;\nbackground-attachment:scroll;\n}\n<\/style>\n<div id='av_section_1'  class='avia-section av-9wpxz-2c74b4969aac8aece2049f00f8687ffc main_color avia-section-no-padding avia-no-border-styling  avia-builder-el-0  el_before_av_section  avia-builder-el-first  av-parallax-section avia-bg-style-parallax av-minimum-height av-minimum-height-50 av-height-50  container_wrap fullsize'  data-section-bg-repeat='no-repeat' data-av_minimum_height_pc='50' data-av_min_height_opt='50'><div class='av-parallax' data-avia-parallax-ratio='0.3' ><div class='av-parallax-inner main_color avia-full-stretch'><\/div><\/div><div class='container av-section-cont-open' ><main  role=\"main\" itemprop=\"mainContentOfPage\"  class='template-page content  av-content-full alpha units'><div class='post-entry post-entry-type-page post-entry-2621'><div class='entry-content-wrapper clearfix'>\n\n<style type=\"text\/css\" data-created_by=\"avia_inline_auto\" id=\"style-css-av-mf314dum-56a00cfb0b48854d36fc277cfd885c42\">\n#top .av-special-heading.av-mf314dum-56a00cfb0b48854d36fc277cfd885c42{\npadding-bottom:10px;\ncolor:#ffffff;\nfont-size:60px;\n}\nbody .av-special-heading.av-mf314dum-56a00cfb0b48854d36fc277cfd885c42 .av-special-heading-tag .heading-char{\nfont-size:25px;\n}\n#top #wrap_all .av-special-heading.av-mf314dum-56a00cfb0b48854d36fc277cfd885c42 .av-special-heading-tag{\nfont-size:60px;\n}\n.av-special-heading.av-mf314dum-56a00cfb0b48854d36fc277cfd885c42 .special-heading-inner-border{\nborder-color:#ffffff;\n}\n.av-special-heading.av-mf314dum-56a00cfb0b48854d36fc277cfd885c42 .av-subheading{\nfont-size:40px;\ncolor:rgba(255,255,255,0.7);\n}\n\n@media only screen and (min-width: 480px) and (max-width: 767px){ \n#top #wrap_all .av-special-heading.av-mf314dum-56a00cfb0b48854d36fc277cfd885c42 .av-special-heading-tag{\nfont-size:0.8em;\n}\n}\n\n@media only screen and (max-width: 479px){ \n#top #wrap_all .av-special-heading.av-mf314dum-56a00cfb0b48854d36fc277cfd885c42 .av-special-heading-tag{\nfont-size:0.8em;\n}\n}\n<\/style>\n<div  class='av-special-heading av-mf314dum-56a00cfb0b48854d36fc277cfd885c42 av-special-heading-h1 custom-color-heading blockquote modern-quote modern-centered  avia-builder-el-1  avia-builder-el-no-sibling  av-thin-font av-inherit-size'><h1 class='av-special-heading-tag '  itemprop=\"headline\"  ><strong>Les rencontres pros<\/strong><\/h1><div class='av_custom_color av-subheading av-subheading_below'><p><span class=\"hobeaux\">de L\u2019Estival<\/span><\/p>\n<\/div><div class=\"special-heading-border\"><div class=\"special-heading-inner-border\"><\/div><\/div><\/div>\n\n<\/div><\/div><\/main><!-- close content main element --><\/div><\/div><div id='midi'  class='avia-section av-m9sxattl-498d952a3d9767ea43584f826472f4dc main_color avia-section-large avia-no-border-styling  avia-builder-el-2  el_after_av_section  el_before_av_section  avia-bg-style-scroll container_wrap fullsize'  ><div class='container av-section-cont-open' ><div class='template-page content  av-content-full alpha units'><div class='post-entry post-entry-type-page post-entry-2621'><div class='entry-content-wrapper clearfix'>\n\n<style type=\"text\/css\" data-created_by=\"avia_inline_auto\" id=\"style-css-av-maidlfsp-3f5d72c3f9de8d3c64b8f186259a4cf2\">\n#top .hr.hr-invisible.av-maidlfsp-3f5d72c3f9de8d3c64b8f186259a4cf2{\nheight:50px;\n}\n<\/style>\n<div  class='hr av-maidlfsp-3f5d72c3f9de8d3c64b8f186259a4cf2 hr-invisible  avia-builder-el-3  el_before_av_one_full  avia-builder-el-first '><span class='hr-inner '><span class=\"hr-inner-style\"><\/span><\/span><\/div>\n<div  class='flex_column av-1jk9ob-15b08b0da635270eab4531208ccee532 av_one_full  avia-builder-el-4  el_after_av_hr  el_before_av_one_half  first flex_column_div  '     ><style type=\"text\/css\" data-created_by=\"avia_inline_auto\" id=\"style-css-av-1hef7f-870f9e0f869bd442013c604665f65817\">\n#top .av-special-heading.av-1hef7f-870f9e0f869bd442013c604665f65817{\npadding-bottom:10px;\n}\nbody .av-special-heading.av-1hef7f-870f9e0f869bd442013c604665f65817 .av-special-heading-tag .heading-char{\nfont-size:25px;\n}\n.av-special-heading.av-1hef7f-870f9e0f869bd442013c604665f65817 .av-subheading{\nfont-size:20px;\n}\n<\/style>\n<div  class='av-special-heading av-1hef7f-870f9e0f869bd442013c604665f65817 av-special-heading-h2 blockquote modern-quote modern-centered  avia-builder-el-5  avia-builder-el-no-sibling '><h2 class='av-special-heading-tag '  itemprop=\"headline\"  >Vous \u00eates programmateur, agent, directeur de salle&#8230; ?<br \/>\nVenez rencontrer nos artistes.<\/h2><div class=\"special-heading-border\"><div class=\"special-heading-inner-border\"><\/div><\/div><\/div><\/div><div class='flex_column_table av-ex9gr-453a686ae0ff41f236172b3281a3d3d9 sc-av_one_half av-equal-height-column-flextable'><div  class='flex_column av-ex9gr-453a686ae0ff41f236172b3281a3d3d9 av_one_half  avia-builder-el-6  el_after_av_one_full  el_before_av_one_half  first flex_column_table_cell av-equal-height-column av-align-middle  column-top-margin'     ><section  class='av_textblock_section av-mf31gnq0-8d4b57827c5d2417ecebe93b6dd35946 '   itemscope=\"itemscope\" itemtype=\"https:\/\/schema.org\/CreativeWork\" ><div class='avia_textblock'  itemprop=\"text\" ><p>Ces rencontres, \u00e9tablies via notre salon-contact et nos vitrines, sont con\u00e7ues pour favoriser les \u00e9changes entre diffuseurs et jeunes artistes, dans un cadre convivial et bienveillant. Un bel espace et une opportunit\u00e9 unique de r\u00e9seautage entre professionnels de la musique.<\/p>\n<\/div><\/section><\/div><div class='av-flex-placeholder'><\/div><div  class='flex_column av-e8kkr-4fcd804a33ae485ce143e97e88bdd94c av_one_half  avia-builder-el-8  el_after_av_one_half  el_before_av_hr  flex_column_table_cell av-equal-height-column av-align-middle  column-top-margin'     ><style type=\"text\/css\" data-created_by=\"avia_inline_auto\" id=\"style-css-av-baayj-bc8283ce35f13b3e91b65e188385659f\">\n.avia-image-container.av-baayj-bc8283ce35f13b3e91b65e188385659f img.avia_image{\nbox-shadow:none;\n}\n.avia-image-container.av-baayj-bc8283ce35f13b3e91b65e188385659f .av-image-caption-overlay-center{\ncolor:#ffffff;\n}\n<\/style>\n<div  class='avia-image-container av-baayj-bc8283ce35f13b3e91b65e188385659f av-styling- avia-align-center  avia-builder-el-9  avia-builder-el-no-sibling  image-arrondie'   itemprop=\"image\" itemscope=\"itemscope\" itemtype=\"https:\/\/schema.org\/ImageObject\" ><div class=\"avia-image-container-inner\"><div class=\"avia-image-overlay-wrap\"><img decoding=\"async\" fetchpriority=\"high\" class='wp-image-2611 avia-img-lazy-loading-not-2611 avia_image ' src=\"https:\/\/markuscrea.ovh\/lestival\/wp-content\/uploads\/2025\/09\/rencontres-pros-2024.jpg\" alt='' title='Les rencontres pros de L&#039;Estival'  height=\"334\" width=\"500\"  itemprop=\"thumbnailUrl\" srcset=\"https:\/\/markuscrea.ovh\/lestival\/wp-content\/uploads\/2025\/09\/rencontres-pros-2024.jpg 500w, https:\/\/markuscrea.ovh\/lestival\/wp-content\/uploads\/2025\/09\/rencontres-pros-2024-300x200.jpg 300w\" sizes=\"(max-width: 500px) 100vw, 500px\" \/><\/div><\/div><\/div><\/div><\/div><!--close column table wrapper. Autoclose: 1 -->\n<style type=\"text\/css\" data-created_by=\"avia_inline_auto\" id=\"style-css-av-mf32jgje-3ac38f56bee665a7e4a93ddcb86d0f25\">\n#top .hr.hr-invisible.av-mf32jgje-3ac38f56bee665a7e4a93ddcb86d0f25{\nheight:70px;\n}\n<\/style>\n<div  class='hr av-mf32jgje-3ac38f56bee665a7e4a93ddcb86d0f25 hr-invisible  avia-builder-el-10  el_after_av_one_half  el_before_av_one_fourth '><span class='hr-inner '><span class=\"hr-inner-style\"><\/span><\/span><\/div>\n<div  class='flex_column av-tnhwn-1e4ac7a7f818ff45253226fc53bee165 av_one_fourth  avia-builder-el-11  el_after_av_hr  el_before_av_three_fourth  first flex_column_div  '     ><style type=\"text\/css\" data-created_by=\"avia_inline_auto\" id=\"style-css-av-mf32i4bg-65717cc7f0e244bc7ca88c06cf4180c8\">\n#top .av-special-heading.av-mf32i4bg-65717cc7f0e244bc7ca88c06cf4180c8{\npadding-bottom:10px;\n}\nbody .av-special-heading.av-mf32i4bg-65717cc7f0e244bc7ca88c06cf4180c8 .av-special-heading-tag .heading-char{\nfont-size:25px;\n}\n.av-special-heading.av-mf32i4bg-65717cc7f0e244bc7ca88c06cf4180c8 .av-subheading{\nfont-size:20px;\n}\n<\/style>\n<div  class='av-special-heading av-mf32i4bg-65717cc7f0e244bc7ca88c06cf4180c8 av-special-heading-h3 blockquote modern-quote modern-right  avia-builder-el-12  avia-builder-el-no-sibling  mobcenter'><h3 class='av-special-heading-tag '  itemprop=\"headline\"  >Inscrivez-vous pour participer aux rencontres pros !<\/h3><div class=\"special-heading-border\"><div class=\"special-heading-inner-border\"><\/div><\/div><\/div><\/div><div  class='flex_column av-1a6owb-0b9d4e709c4c45bf5e811c3c5b96a096 av_three_fourth  avia-builder-el-13  el_after_av_one_fourth  avia-builder-el-last  flex_column_div  '     ><form action=\"https:\/\/markuscrea.ovh\/lestival\/rencontres-pros\/\" method=\"post\" data-fields-with-error=\"Erreurs trouv\u00e9es dans les champs suivants :\" class=\"avia_ajax_form av-form-labels-hidden   avia-builder-el-14  avia-builder-el-no-sibling   \" data-avia-form-id=\"1\" data-avia-redirect=''  aria-label='Formulaire de contact' ><fieldset><p class='  first_form  form_element form_element_half' id='element_avia_1_1'><label for=\"avia_1_1\">Pr\u00e9nom <abbr class=\"required\" title=\"requis(e)\">*<\/abbr><\/label> <input name=\"avia_1_1\" class=\"text_input is_empty\" type=\"text\" id=\"avia_1_1\" value=\"\"  placeholder='Pr\u00e9nom*'\/><\/p><p class='  form_element form_element_half' id='element_avia_2_1'><label for=\"avia_2_1\">Nom <abbr class=\"required\" title=\"requis(e)\">*<\/abbr><\/label> <input name=\"avia_2_1\" class=\"text_input is_empty\" type=\"text\" id=\"avia_2_1\" value=\"\"  placeholder='Nom*'\/><\/p><p class='  first_form  form_element form_element_half' id='element_avia_3_1'><label for=\"avia_3_1\">E-Mail <abbr class=\"required\" title=\"requis(e)\">*<\/abbr><\/label> <input name=\"avia_3_1\" class=\"text_input is_email\" type=\"text\" id=\"avia_3_1\" value=\"\"  placeholder='E-Mail*'\/><\/p><p class='  form_element form_element_half' id='element_avia_4_1'><label for=\"avia_4_1\">T\u00e9l\u00e9phone<\/label> <input name=\"avia_4_1\" class=\"text_input \" type=\"text\" id=\"avia_4_1\" value=\"\"  placeholder='T\u00e9l\u00e9phone'\/><\/p><p class='  first_form  form_element form_fullwidth' id='element_avia_5_1'><label for=\"avia_5_1\" class=\"textare_label hidden textare_label_avia_5_1\">Message <abbr class=\"required\" title=\"requis(e)\">*<\/abbr><\/label><textarea  placeholder='Message*' name=\"avia_5_1\" class=\"text_area is_empty\" cols=\"40\" rows=\"7\" id=\"avia_5_1\" ><\/textarea><\/p><p class=\"hidden\"><input type=\"text\" name=\"avia_6_1\" class=\"hidden \" id=\"avia_6_1\" value=\"\" \/><\/p><div id='avia_7_1' class='av-recaptcha-area  first_form  form_element form_fullwidth '  data-container_class=\"\" data-custom_class=\"\" data-context=\"av_contact_form\" data-token_input=\"av_recaptcha_token\" data-version=\"avia_recaptcha_v2\" data-theme=\"light\" data-size=\"normal\" data-score=\"0.5\" data-text_to_preview=\"\" data-value=\"\"><div class=\"av-google-badge-message hidden\">Ce site est prot\u00e9g\u00e9 par reCAPTCHA et la <a href=\"https:\/\/policies.google.com\/privacy\">politique de confidentialit\u00e9<\/a> de Google et <a href=\"https:\/\/policies.google.com\/terms\">leur conditions d\u2019utilisation<\/a> s\u2019appliquent.<\/div><\/div><p class=\"form_element \"><input type=\"hidden\" value=\"1\" name=\"avia_generated_form1\" \/><input type=\"submit\" value=\"Envoyer\" class=\"button\"  data-sending-label=\"Envoi\"\/><\/p><\/fieldset><div class=\"avia-disabled-form\">Ce formulaire est d\u00e9sactiv\u00e9 dans la mesure o\u00f9 vous refusez d\u2019accepter le service Google reCAPTCHA n\u00e9cessaire pour valider toute exp\u00e9dition de message depuis celui-ci.<\/div><\/form><div id=\"ajaxresponse_1\" class=\"ajaxresponse ajaxresponse_1 hidden\"><\/div><\/div><\/div><\/div><\/div><!-- close content main div --><\/div><\/div>\n<style type=\"text\/css\" data-created_by=\"avia_inline_auto\" id=\"style-css-av-m9yd75vb-3fa805a3dcf86e04cc00b57b5b2d1408\">\n.avia-section.av-m9yd75vb-3fa805a3dcf86e04cc00b57b5b2d1408{\nmargin-top:0px;\nmargin-bottom:0px;\n}\n.avia-section.av-m9yd75vb-3fa805a3dcf86e04cc00b57b5b2d1408 .av-parallax .av-parallax-inner{\nbackground-repeat:no-repeat;\nbackground-image:url(https:\/\/markuscrea.ovh\/lestival\/wp-content\/uploads\/2025\/09\/rencontres-pros_header.jpg);\nbackground-position:50% 100%;\nbackground-attachment:scroll;\n}\n<\/style>\n<div id='av_section_3'  class='avia-section av-m9yd75vb-3fa805a3dcf86e04cc00b57b5b2d1408 main_color avia-section-no-padding avia-no-border-styling  avia-builder-el-15  el_after_av_section  avia-builder-el-last  av-parallax-section avia-bg-style-parallax av-minimum-height av-minimum-height-custom av-height-custom  container_wrap fullsize'  data-section-bg-repeat='no-repeat' data-av_minimum_height_px='200'><div class='av-parallax' data-avia-parallax-ratio='0.3' ><div class='av-parallax-inner main_color avia-full-stretch'><\/div><\/div><div class='container av-section-cont-open' style='height:200px'><div class='template-page content  av-content-full alpha units'><div class='post-entry post-entry-type-page post-entry-2621'><div class='entry-content-wrapper clearfix'><\/p>\n","protected":false},"excerpt":{"rendered":"","protected":false},"author":1,"featured_media":2614,"parent":0,"menu_order":0,"comment_status":"closed","ping_status":"closed","template":"","meta":{"footnotes":""},"class_list":["post-2621","page","type-page","status-publish","has-post-thumbnail","hentry"],"yoast_head":"<!-- This site is optimized with the Yoast SEO plugin v25.3 - https:\/\/yoast.com\/wordpress\/plugins\/seo\/ -->\n<title>Les rencontres pros de L&#039;Estival - L&#039;Estival<\/title>\n<meta name=\"description\" content=\"Les rencontres pros de L&#039;Estival, un cadre convivial et bienveillant pour favoriser les \u00e9changes entre diffuseurs et jeunes artistes\" \/>\n<meta name=\"robots\" content=\"index, follow, max-snippet:-1, max-image-preview:large, max-video-preview:-1\" \/>\n<link rel=\"canonical\" href=\"https:\/\/www.lestival.fr\/rencontres-pros\/\" \/>\n<meta property=\"og:locale\" content=\"fr_FR\" \/>\n<meta property=\"og:type\" content=\"article\" \/>\n<meta property=\"og:title\" content=\"Les rencontres pros de L&#039;Estival - L&#039;Estival\" \/>\n<meta property=\"og:description\" content=\"Les rencontres pros de L&#039;Estival, un cadre convivial et bienveillant pour favoriser les \u00e9changes entre diffuseurs et jeunes artistes\" \/>\n<meta property=\"og:url\" content=\"https:\/\/www.lestival.fr\/rencontres-pros\/\" \/>\n<meta property=\"og:site_name\" content=\"L&#039;Estival\" \/>\n<meta property=\"article:publisher\" content=\"https:\/\/www.facebook.com\/lestival78\" \/>\n<meta property=\"article:modified_time\" content=\"2025-09-16T15:56:27+00:00\" \/>\n<meta property=\"og:image\" content=\"https:\/\/www.lestival.fr\/wp-content\/uploads\/2025\/09\/Rencontres-pros-de-l-Estival_feat.jpg\" \/>\n\t<meta property=\"og:image:width\" content=\"1200\" \/>\n\t<meta property=\"og:image:height\" content=\"628\" \/>\n\t<meta property=\"og:image:type\" content=\"image\/jpeg\" \/>\n<meta name=\"twitter:card\" content=\"summary_large_image\" \/>\n<meta name=\"twitter:label1\" content=\"Dur\u00e9e de lecture estim\u00e9e\" \/>\n\t<meta name=\"twitter:data1\" content=\"1 minute\" \/>\n<script type=\"application\/ld+json\" class=\"yoast-schema-graph\">{\"@context\":\"https:\/\/schema.org\",\"@graph\":[{\"@type\":\"WebPage\",\"@id\":\"https:\/\/www.lestival.fr\/rencontres-pros\/\",\"url\":\"https:\/\/www.lestival.fr\/rencontres-pros\/\",\"name\":\"Les rencontres pros de L'Estival - L&#039;Estival\",\"isPartOf\":{\"@id\":\"https:\/\/www.lestival.fr\/#website\"},\"primaryImageOfPage\":{\"@id\":\"https:\/\/www.lestival.fr\/rencontres-pros\/#primaryimage\"},\"image\":{\"@id\":\"https:\/\/www.lestival.fr\/rencontres-pros\/#primaryimage\"},\"thumbnailUrl\":\"https:\/\/markuscrea.ovh\/lestival\/wp-content\/uploads\/2025\/09\/Rencontres-pros-de-l-Estival_feat.jpg\",\"datePublished\":\"2025-09-03T17:19:22+00:00\",\"dateModified\":\"2025-09-16T15:56:27+00:00\",\"description\":\"Les rencontres pros de L'Estival, un cadre convivial et bienveillant pour favoriser les \u00e9changes entre diffuseurs et jeunes artistes\",\"breadcrumb\":{\"@id\":\"https:\/\/www.lestival.fr\/rencontres-pros\/#breadcrumb\"},\"inLanguage\":\"fr-FR\",\"potentialAction\":[{\"@type\":\"ReadAction\",\"target\":[\"https:\/\/www.lestival.fr\/rencontres-pros\/\"]}]},{\"@type\":\"ImageObject\",\"inLanguage\":\"fr-FR\",\"@id\":\"https:\/\/www.lestival.fr\/rencontres-pros\/#primaryimage\",\"url\":\"https:\/\/markuscrea.ovh\/lestival\/wp-content\/uploads\/2025\/09\/Rencontres-pros-de-l-Estival_feat.jpg\",\"contentUrl\":\"https:\/\/markuscrea.ovh\/lestival\/wp-content\/uploads\/2025\/09\/Rencontres-pros-de-l-Estival_feat.jpg\",\"width\":1200,\"height\":628},{\"@type\":\"BreadcrumbList\",\"@id\":\"https:\/\/www.lestival.fr\/rencontres-pros\/#breadcrumb\",\"itemListElement\":[{\"@type\":\"ListItem\",\"position\":1,\"name\":\"Accueil\",\"item\":\"https:\/\/www.lestival.fr\/\"},{\"@type\":\"ListItem\",\"position\":2,\"name\":\"Les rencontres pros de L&rsquo;Estival\"}]},{\"@type\":\"WebSite\",\"@id\":\"https:\/\/www.lestival.fr\/#website\",\"url\":\"https:\/\/www.lestival.fr\/\",\"name\":\"L'Estival\",\"description\":\"15 jours de concerts\",\"publisher\":{\"@id\":\"https:\/\/www.lestival.fr\/#organization\"},\"potentialAction\":[{\"@type\":\"SearchAction\",\"target\":{\"@type\":\"EntryPoint\",\"urlTemplate\":\"https:\/\/www.lestival.fr\/?s={search_term_string}\"},\"query-input\":{\"@type\":\"PropertyValueSpecification\",\"valueRequired\":true,\"valueName\":\"search_term_string\"}}],\"inLanguage\":\"fr-FR\"},{\"@type\":\"Organization\",\"@id\":\"https:\/\/www.lestival.fr\/#organization\",\"name\":\"L'Estival\",\"url\":\"https:\/\/www.lestival.fr\/\",\"logo\":{\"@type\":\"ImageObject\",\"inLanguage\":\"fr-FR\",\"@id\":\"https:\/\/www.lestival.fr\/#\/schema\/logo\/image\/\",\"url\":\"https:\/\/www.lestival.fr\/wp-content\/uploads\/2025\/04\/LEstival_logo.svg\",\"contentUrl\":\"https:\/\/www.lestival.fr\/wp-content\/uploads\/2025\/04\/LEstival_logo.svg\",\"width\":1,\"height\":1,\"caption\":\"L'Estival\"},\"image\":{\"@id\":\"https:\/\/www.lestival.fr\/#\/schema\/logo\/image\/\"},\"sameAs\":[\"https:\/\/www.facebook.com\/lestival78\",\"https:\/\/www.youtube.com\/channel\/UCVHzUiDmRN4LM7SSEKEC0OA\",\"https:\/\/www.instagram.com\/lestival78\"]}]}<\/script>\n<!-- \/ Yoast SEO plugin. -->","yoast_head_json":{"title":"Les rencontres pros de L'Estival - L&#039;Estival","description":"Les rencontres pros de L'Estival, un cadre convivial et bienveillant pour favoriser les \u00e9changes entre diffuseurs et jeunes artistes","robots":{"index":"index","follow":"follow","max-snippet":"max-snippet:-1","max-image-preview":"max-image-preview:large","max-video-preview":"max-video-preview:-1"},"canonical":"https:\/\/www.lestival.fr\/rencontres-pros\/","og_locale":"fr_FR","og_type":"article","og_title":"Les rencontres pros de L'Estival - L&#039;Estival","og_description":"Les rencontres pros de L'Estival, un cadre convivial et bienveillant pour favoriser les \u00e9changes entre diffuseurs et jeunes artistes","og_url":"https:\/\/www.lestival.fr\/rencontres-pros\/","og_site_name":"L&#039;Estival","article_publisher":"https:\/\/www.facebook.com\/lestival78","article_modified_time":"2025-09-16T15:56:27+00:00","og_image":[{"width":1200,"height":628,"url":"https:\/\/www.lestival.fr\/wp-content\/uploads\/2025\/09\/Rencontres-pros-de-l-Estival_feat.jpg","type":"image\/jpeg"}],"twitter_card":"summary_large_image","twitter_misc":{"Dur\u00e9e de lecture estim\u00e9e":"1 minute"},"schema":{"@context":"https:\/\/schema.org","@graph":[{"@type":"WebPage","@id":"https:\/\/www.lestival.fr\/rencontres-pros\/","url":"https:\/\/www.lestival.fr\/rencontres-pros\/","name":"Les rencontres pros de L'Estival - L&#039;Estival","isPartOf":{"@id":"https:\/\/www.lestival.fr\/#website"},"primaryImageOfPage":{"@id":"https:\/\/www.lestival.fr\/rencontres-pros\/#primaryimage"},"image":{"@id":"https:\/\/www.lestival.fr\/rencontres-pros\/#primaryimage"},"thumbnailUrl":"https:\/\/markuscrea.ovh\/lestival\/wp-content\/uploads\/2025\/09\/Rencontres-pros-de-l-Estival_feat.jpg","datePublished":"2025-09-03T17:19:22+00:00","dateModified":"2025-09-16T15:56:27+00:00","description":"Les rencontres pros de L'Estival, un cadre convivial et bienveillant pour favoriser les \u00e9changes entre diffuseurs et jeunes artistes","breadcrumb":{"@id":"https:\/\/www.lestival.fr\/rencontres-pros\/#breadcrumb"},"inLanguage":"fr-FR","potentialAction":[{"@type":"ReadAction","target":["https:\/\/www.lestival.fr\/rencontres-pros\/"]}]},{"@type":"ImageObject","inLanguage":"fr-FR","@id":"https:\/\/www.lestival.fr\/rencontres-pros\/#primaryimage","url":"https:\/\/markuscrea.ovh\/lestival\/wp-content\/uploads\/2025\/09\/Rencontres-pros-de-l-Estival_feat.jpg","contentUrl":"https:\/\/markuscrea.ovh\/lestival\/wp-content\/uploads\/2025\/09\/Rencontres-pros-de-l-Estival_feat.jpg","width":1200,"height":628},{"@type":"BreadcrumbList","@id":"https:\/\/www.lestival.fr\/rencontres-pros\/#breadcrumb","itemListElement":[{"@type":"ListItem","position":1,"name":"Accueil","item":"https:\/\/www.lestival.fr\/"},{"@type":"ListItem","position":2,"name":"Les rencontres pros de L&rsquo;Estival"}]},{"@type":"WebSite","@id":"https:\/\/www.lestival.fr\/#website","url":"https:\/\/www.lestival.fr\/","name":"L'Estival","description":"15 jours de concerts","publisher":{"@id":"https:\/\/www.lestival.fr\/#organization"},"potentialAction":[{"@type":"SearchAction","target":{"@type":"EntryPoint","urlTemplate":"https:\/\/www.lestival.fr\/?s={search_term_string}"},"query-input":{"@type":"PropertyValueSpecification","valueRequired":true,"valueName":"search_term_string"}}],"inLanguage":"fr-FR"},{"@type":"Organization","@id":"https:\/\/www.lestival.fr\/#organization","name":"L'Estival","url":"https:\/\/www.lestival.fr\/","logo":{"@type":"ImageObject","inLanguage":"fr-FR","@id":"https:\/\/www.lestival.fr\/#\/schema\/logo\/image\/","url":"https:\/\/www.lestival.fr\/wp-content\/uploads\/2025\/04\/LEstival_logo.svg","contentUrl":"https:\/\/www.lestival.fr\/wp-content\/uploads\/2025\/04\/LEstival_logo.svg","width":1,"height":1,"caption":"L'Estival"},"image":{"@id":"https:\/\/www.lestival.fr\/#\/schema\/logo\/image\/"},"sameAs":["https:\/\/www.facebook.com\/lestival78","https:\/\/www.youtube.com\/channel\/UCVHzUiDmRN4LM7SSEKEC0OA","https:\/\/www.instagram.com\/lestival78"]}]}},"_links":{"self":[{"href":"https:\/\/markuscrea.ovh\/lestival\/wp-json\/wp\/v2\/pages\/2621","targetHints":{"allow":["GET"]}}],"collection":[{"href":"https:\/\/markuscrea.ovh\/lestival\/wp-json\/wp\/v2\/pages"}],"about":[{"href":"https:\/\/markuscrea.ovh\/lestival\/wp-json\/wp\/v2\/types\/page"}],"author":[{"embeddable":true,"href":"https:\/\/markuscrea.ovh\/lestival\/wp-json\/wp\/v2\/users\/1"}],"replies":[{"embeddable":true,"href":"https:\/\/markuscrea.ovh\/lestival\/wp-json\/wp\/v2\/comments?post=2621"}],"version-history":[{"count":4,"href":"https:\/\/markuscrea.ovh\/lestival\/wp-json\/wp\/v2\/pages\/2621\/revisions"}],"predecessor-version":[{"id":2624,"href":"https:\/\/markuscrea.ovh\/lestival\/wp-json\/wp\/v2\/pages\/2621\/revisions\/2624"}],"wp:featuredmedia":[{"embeddable":true,"href":"https:\/\/markuscrea.ovh\/lestival\/wp-json\/wp\/v2\/media\/2614"}],"wp:attachment":[{"href":"https:\/\/markuscrea.ovh\/lestival\/wp-json\/wp\/v2\/media?parent=2621"}],"curies":[{"name":"wp","href":"https:\/\/api.w.org\/{rel}","templated":true}]}}