{"id":87,"date":"2025-04-19T17:50:30","date_gmt":"2025-04-19T15:50:30","guid":{"rendered":"https:\/\/markuscrea.ovh\/lestival\/?page_id=87"},"modified":"2025-06-27T23:17:15","modified_gmt":"2025-06-27T21:17:15","slug":"contact","status":"publish","type":"page","link":"https:\/\/markuscrea.ovh\/lestival\/contact\/","title":{"rendered":"Contact"},"content":{"rendered":"\n<style type=\"text\/css\" data-created_by=\"avia_inline_auto\" id=\"style-css-av-mavda8op-7de9de830ca4480f59b56230b85e0662\">\n.avia-section.av-mavda8op-7de9de830ca4480f59b56230b85e0662 .av-parallax .av-parallax-inner{\nbackground-color:#562d8a;\nbackground-image:url(https:\/\/markuscrea.ovh\/lestival\/wp-content\/uploads\/2025\/05\/contact-BG.jpg);\nbackground-repeat:no-repeat;\nbackground-position:50% 50%;\nbackground-attachment:scroll;\n}\n<\/style>\n<div id='av_section_1'  class='avia-section av-mavda8op-7de9de830ca4480f59b56230b85e0662 main_color avia-section-default avia-no-border-styling  avia-builder-el-0  avia-builder-el-no-sibling  avia-full-stretch av-parallax-section avia-bg-style-parallax av-minimum-height av-minimum-height-100 av-height-100  container_wrap fullsize'  data-section-bg-repeat='stretch' data-av_minimum_height_pc='100' data-av_min_height_opt='100'><div class='av-parallax' data-avia-parallax-ratio='0.3' ><div class='av-parallax-inner main_color avia-full-stretch'><\/div><\/div><div class='container av-section-cont-open' ><main  role=\"main\" itemprop=\"mainContentOfPage\"  class='template-page content  av-content-full alpha units'><div class='post-entry post-entry-type-page post-entry-87'><div class='entry-content-wrapper clearfix'>\n<div class='flex_column_table av-mavdgmj9-08c53eba3feaba3f564a0144f88dfdbd sc-av_one_half av-break-at-tablet-flextable av-equal-height-column-flextable'><div  class='flex_column av-mavdgmj9-08c53eba3feaba3f564a0144f88dfdbd av_one_half  avia-builder-el-1  el_before_av_one_half  avia-builder-el-first  first av-break-at-tablet flex_column_table_cell av-equal-height-column av-align-middle  '     ><style type=\"text\/css\" data-created_by=\"avia_inline_auto\" id=\"style-css-av-mavet5yq-1de2981d33f719fd756faa9ec5a6b2fc\">\n#top .av_textblock_section.av-mavet5yq-1de2981d33f719fd756faa9ec5a6b2fc .avia_textblock{\ncolor:#ffffff;\n}\n<\/style>\n<section  class='av_textblock_section av-mavet5yq-1de2981d33f719fd756faa9ec5a6b2fc '   itemscope=\"itemscope\" itemtype=\"https:\/\/schema.org\/CreativeWork\" ><div class='avia_textblock av_inherit_color'  itemprop=\"text\" ><h1>Contact<\/h1>\n<p><img decoding=\"async\" class=\"alignnone size-full wp-image-21\" src=\"https:\/\/markuscrea.ovh\/lestival\/wp-content\/uploads\/2025\/04\/LEstival_logo-blanc.svg\" alt=\"\" \/><\/p>\n<\/div><\/section><\/div><div class='av-flex-placeholder'><\/div>\n<style type=\"text\/css\" data-created_by=\"avia_inline_auto\" id=\"style-css-av-rson-22d7444afea6e5e7bc611df317cb5d74\">\n.flex_column.av-rson-22d7444afea6e5e7bc611df317cb5d74{\nborder-radius:32px 32px 32px 32px;\npadding:30px 30px 0px 30px;\nbackground-color:rgba(255,255,255,0.7);\n}\n<\/style>\n<div  class='flex_column av-rson-22d7444afea6e5e7bc611df317cb5d74 av_one_half  avia-builder-el-3  el_after_av_one_half  avia-builder-el-last  av-break-at-tablet flex_column_table_cell av-equal-height-column av-align-middle  '     ><form action=\"https:\/\/markuscrea.ovh\/lestival\/contact\/\" method=\"post\" data-fields-with-error=\"Erreurs trouv\u00e9es dans les champs suivants :\" class=\"avia_ajax_form av-form-labels-hidden   avia-builder-el-4  avia-builder-el-no-sibling   \" data-avia-form-id=\"1\" data-avia-redirect=''  aria-label='Formulaire de contact' ><h3 class=''>\u00c9crivez-nous un mail<\/h3><fieldset><p class='  first_form  form_element form_element_half' id='element_avia_1_1'><label for=\"avia_1_1\">Pr\u00e9nom <abbr class=\"required\" title=\"requis(e)\">*<\/abbr><\/label> <input name=\"avia_1_1\" class=\"text_input is_empty\" type=\"text\" id=\"avia_1_1\" value=\"\"  placeholder='Pr\u00e9nom*'\/><\/p><p class='  form_element form_element_half' id='element_avia_2_1'><label for=\"avia_2_1\">Nom <abbr class=\"required\" title=\"requis(e)\">*<\/abbr><\/label> <input name=\"avia_2_1\" class=\"text_input is_empty\" type=\"text\" id=\"avia_2_1\" value=\"\"  placeholder='Nom*'\/><\/p><p class='  first_form  form_element form_element_half' id='element_avia_3_1'><label for=\"avia_3_1\">E-Mail <abbr class=\"required\" title=\"requis(e)\">*<\/abbr><\/label> <input name=\"avia_3_1\" class=\"text_input is_email\" type=\"text\" id=\"avia_3_1\" value=\"\"  placeholder='E-Mail*'\/><\/p><p class='  form_element form_element_half' id='element_avia_4_1'><label for=\"avia_4_1\">T\u00e9l\u00e9phone<\/label> <input name=\"avia_4_1\" class=\"text_input \" type=\"text\" id=\"avia_4_1\" value=\"\"  placeholder='T\u00e9l\u00e9phone'\/><\/p><p class='  first_form  form_element form_fullwidth' id='element_avia_5_1'><label for=\"avia_5_1\">Sujet <abbr class=\"required\" title=\"requis(e)\">*<\/abbr><\/label> <input name=\"avia_5_1\" class=\"text_input is_empty\" type=\"text\" id=\"avia_5_1\" value=\"\"  placeholder='Sujet*'\/><\/p><p class='  first_form  form_element form_fullwidth' id='element_avia_6_1'><label for=\"avia_6_1\" class=\"textare_label hidden textare_label_avia_6_1\">Message <abbr class=\"required\" title=\"requis(e)\">*<\/abbr><\/label><textarea  placeholder='Message*' name=\"avia_6_1\" class=\"text_area is_empty\" cols=\"40\" rows=\"7\" id=\"avia_6_1\" ><\/textarea><\/p><p class=\"hidden\"><input type=\"text\" name=\"avia_7_1\" class=\"hidden \" id=\"avia_7_1\" value=\"\" \/><\/p><div id='avia_8_1' class='av-recaptcha-area  first_form  form_element form_fullwidth '  data-container_class=\"\" data-custom_class=\"\" data-context=\"av_contact_form\" data-token_input=\"av_recaptcha_token\" data-version=\"avia_recaptcha_v2\" data-theme=\"light\" data-size=\"normal\" data-score=\"0.5\" data-text_to_preview=\"\" data-value=\"\"><div class=\"av-google-badge-message hidden\">Ce site est prot\u00e9g\u00e9 par reCAPTCHA et la <a href=\"https:\/\/policies.google.com\/privacy\">politique de confidentialit\u00e9<\/a> de Google et <a href=\"https:\/\/policies.google.com\/terms\">leur conditions d\u2019utilisation<\/a> s\u2019appliquent.<\/div><\/div><p class=\"form_element \"><input type=\"hidden\" value=\"1\" name=\"avia_generated_form1\" \/><input type=\"submit\" value=\"Envoyer\" class=\"button\"  data-sending-label=\"Envoi\"\/><\/p><\/fieldset><div class=\"avia-disabled-form\">Ce formulaire est d\u00e9sactiv\u00e9 dans la mesure o\u00f9 vous refusez d\u2019accepter le service Google reCAPTCHA n\u00e9cessaire pour valider toute exp\u00e9dition de message depuis celui-ci.<\/div><\/form><div id=\"ajaxresponse_1\" class=\"ajaxresponse ajaxresponse_1 hidden\"><\/div><\/div><\/div><!--close column table wrapper. Autoclose: 1 -->\n","protected":false},"excerpt":{"rendered":"","protected":false},"author":1,"featured_media":1065,"parent":0,"menu_order":0,"comment_status":"closed","ping_status":"closed","template":"","meta":{"footnotes":""},"class_list":["post-87","page","type-page","status-publish","has-post-thumbnail","hentry"],"yoast_head":"<!-- This site is optimized with the Yoast SEO plugin v25.3 - https:\/\/yoast.com\/wordpress\/plugins\/seo\/ -->\n<title>Contact - L&#039;Estival<\/title>\n<meta name=\"robots\" content=\"index, follow, max-snippet:-1, max-image-preview:large, max-video-preview:-1\" \/>\n<link rel=\"canonical\" href=\"https:\/\/www.lestival.fr\/contact\/\" \/>\n<meta property=\"og:locale\" content=\"fr_FR\" \/>\n<meta property=\"og:type\" content=\"article\" \/>\n<meta property=\"og:title\" content=\"Contact - L&#039;Estival\" \/>\n<meta property=\"og:url\" content=\"https:\/\/www.lestival.fr\/contact\/\" \/>\n<meta property=\"og:site_name\" content=\"L&#039;Estival\" \/>\n<meta property=\"article:publisher\" content=\"https:\/\/www.facebook.com\/lestival78\" \/>\n<meta property=\"article:modified_time\" content=\"2025-06-27T21:17:15+00:00\" \/>\n<meta property=\"og:image\" content=\"https:\/\/www.lestival.fr\/wp-content\/uploads\/2025\/05\/l-Estival-contact_feat.jpg\" \/>\n\t<meta property=\"og:image:width\" content=\"1200\" \/>\n\t<meta property=\"og:image:height\" content=\"628\" \/>\n\t<meta property=\"og:image:type\" content=\"image\/jpeg\" \/>\n<meta name=\"twitter:card\" content=\"summary_large_image\" \/>\n<meta name=\"twitter:label1\" content=\"Dur\u00e9e de lecture estim\u00e9e\" \/>\n\t<meta name=\"twitter:data1\" content=\"1 minute\" \/>\n<script type=\"application\/ld+json\" class=\"yoast-schema-graph\">{\"@context\":\"https:\/\/schema.org\",\"@graph\":[{\"@type\":\"WebPage\",\"@id\":\"https:\/\/www.lestival.fr\/contact\/\",\"url\":\"https:\/\/www.lestival.fr\/contact\/\",\"name\":\"Contact - L&#039;Estival\",\"isPartOf\":{\"@id\":\"https:\/\/www.lestival.fr\/#website\"},\"primaryImageOfPage\":{\"@id\":\"https:\/\/www.lestival.fr\/contact\/#primaryimage\"},\"image\":{\"@id\":\"https:\/\/www.lestival.fr\/contact\/#primaryimage\"},\"thumbnailUrl\":\"https:\/\/markuscrea.ovh\/lestival\/wp-content\/uploads\/2025\/05\/l-Estival-contact_feat.jpg\",\"datePublished\":\"2025-04-19T15:50:30+00:00\",\"dateModified\":\"2025-06-27T21:17:15+00:00\",\"breadcrumb\":{\"@id\":\"https:\/\/www.lestival.fr\/contact\/#breadcrumb\"},\"inLanguage\":\"fr-FR\",\"potentialAction\":[{\"@type\":\"ReadAction\",\"target\":[\"https:\/\/www.lestival.fr\/contact\/\"]}]},{\"@type\":\"ImageObject\",\"inLanguage\":\"fr-FR\",\"@id\":\"https:\/\/www.lestival.fr\/contact\/#primaryimage\",\"url\":\"https:\/\/markuscrea.ovh\/lestival\/wp-content\/uploads\/2025\/05\/l-Estival-contact_feat.jpg\",\"contentUrl\":\"https:\/\/markuscrea.ovh\/lestival\/wp-content\/uploads\/2025\/05\/l-Estival-contact_feat.jpg\",\"width\":1200,\"height\":628,\"caption\":\"Contact L'Estival\"},{\"@type\":\"BreadcrumbList\",\"@id\":\"https:\/\/www.lestival.fr\/contact\/#breadcrumb\",\"itemListElement\":[{\"@type\":\"ListItem\",\"position\":1,\"name\":\"Accueil\",\"item\":\"https:\/\/www.lestival.fr\/\"},{\"@type\":\"ListItem\",\"position\":2,\"name\":\"Contact\"}]},{\"@type\":\"WebSite\",\"@id\":\"https:\/\/www.lestival.fr\/#website\",\"url\":\"https:\/\/www.lestival.fr\/\",\"name\":\"L'Estival\",\"description\":\"15 jours de concerts\",\"publisher\":{\"@id\":\"https:\/\/www.lestival.fr\/#organization\"},\"potentialAction\":[{\"@type\":\"SearchAction\",\"target\":{\"@type\":\"EntryPoint\",\"urlTemplate\":\"https:\/\/www.lestival.fr\/?s={search_term_string}\"},\"query-input\":{\"@type\":\"PropertyValueSpecification\",\"valueRequired\":true,\"valueName\":\"search_term_string\"}}],\"inLanguage\":\"fr-FR\"},{\"@type\":\"Organization\",\"@id\":\"https:\/\/www.lestival.fr\/#organization\",\"name\":\"L'Estival\",\"url\":\"https:\/\/www.lestival.fr\/\",\"logo\":{\"@type\":\"ImageObject\",\"inLanguage\":\"fr-FR\",\"@id\":\"https:\/\/www.lestival.fr\/#\/schema\/logo\/image\/\",\"url\":\"https:\/\/www.lestival.fr\/wp-content\/uploads\/2025\/04\/LEstival_logo.svg\",\"contentUrl\":\"https:\/\/www.lestival.fr\/wp-content\/uploads\/2025\/04\/LEstival_logo.svg\",\"width\":1,\"height\":1,\"caption\":\"L'Estival\"},\"image\":{\"@id\":\"https:\/\/www.lestival.fr\/#\/schema\/logo\/image\/\"},\"sameAs\":[\"https:\/\/www.facebook.com\/lestival78\",\"https:\/\/www.youtube.com\/channel\/UCVHzUiDmRN4LM7SSEKEC0OA\",\"https:\/\/www.instagram.com\/lestival78\"]}]}<\/script>\n<!-- \/ Yoast SEO plugin. -->","yoast_head_json":{"title":"Contact - L&#039;Estival","robots":{"index":"index","follow":"follow","max-snippet":"max-snippet:-1","max-image-preview":"max-image-preview:large","max-video-preview":"max-video-preview:-1"},"canonical":"https:\/\/www.lestival.fr\/contact\/","og_locale":"fr_FR","og_type":"article","og_title":"Contact - L&#039;Estival","og_url":"https:\/\/www.lestival.fr\/contact\/","og_site_name":"L&#039;Estival","article_publisher":"https:\/\/www.facebook.com\/lestival78","article_modified_time":"2025-06-27T21:17:15+00:00","og_image":[{"width":1200,"height":628,"url":"https:\/\/www.lestival.fr\/wp-content\/uploads\/2025\/05\/l-Estival-contact_feat.jpg","type":"image\/jpeg"}],"twitter_card":"summary_large_image","twitter_misc":{"Dur\u00e9e de lecture estim\u00e9e":"1 minute"},"schema":{"@context":"https:\/\/schema.org","@graph":[{"@type":"WebPage","@id":"https:\/\/www.lestival.fr\/contact\/","url":"https:\/\/www.lestival.fr\/contact\/","name":"Contact - L&#039;Estival","isPartOf":{"@id":"https:\/\/www.lestival.fr\/#website"},"primaryImageOfPage":{"@id":"https:\/\/www.lestival.fr\/contact\/#primaryimage"},"image":{"@id":"https:\/\/www.lestival.fr\/contact\/#primaryimage"},"thumbnailUrl":"https:\/\/markuscrea.ovh\/lestival\/wp-content\/uploads\/2025\/05\/l-Estival-contact_feat.jpg","datePublished":"2025-04-19T15:50:30+00:00","dateModified":"2025-06-27T21:17:15+00:00","breadcrumb":{"@id":"https:\/\/www.lestival.fr\/contact\/#breadcrumb"},"inLanguage":"fr-FR","potentialAction":[{"@type":"ReadAction","target":["https:\/\/www.lestival.fr\/contact\/"]}]},{"@type":"ImageObject","inLanguage":"fr-FR","@id":"https:\/\/www.lestival.fr\/contact\/#primaryimage","url":"https:\/\/markuscrea.ovh\/lestival\/wp-content\/uploads\/2025\/05\/l-Estival-contact_feat.jpg","contentUrl":"https:\/\/markuscrea.ovh\/lestival\/wp-content\/uploads\/2025\/05\/l-Estival-contact_feat.jpg","width":1200,"height":628,"caption":"Contact L'Estival"},{"@type":"BreadcrumbList","@id":"https:\/\/www.lestival.fr\/contact\/#breadcrumb","itemListElement":[{"@type":"ListItem","position":1,"name":"Accueil","item":"https:\/\/www.lestival.fr\/"},{"@type":"ListItem","position":2,"name":"Contact"}]},{"@type":"WebSite","@id":"https:\/\/www.lestival.fr\/#website","url":"https:\/\/www.lestival.fr\/","name":"L'Estival","description":"15 jours de concerts","publisher":{"@id":"https:\/\/www.lestival.fr\/#organization"},"potentialAction":[{"@type":"SearchAction","target":{"@type":"EntryPoint","urlTemplate":"https:\/\/www.lestival.fr\/?s={search_term_string}"},"query-input":{"@type":"PropertyValueSpecification","valueRequired":true,"valueName":"search_term_string"}}],"inLanguage":"fr-FR"},{"@type":"Organization","@id":"https:\/\/www.lestival.fr\/#organization","name":"L'Estival","url":"https:\/\/www.lestival.fr\/","logo":{"@type":"ImageObject","inLanguage":"fr-FR","@id":"https:\/\/www.lestival.fr\/#\/schema\/logo\/image\/","url":"https:\/\/www.lestival.fr\/wp-content\/uploads\/2025\/04\/LEstival_logo.svg","contentUrl":"https:\/\/www.lestival.fr\/wp-content\/uploads\/2025\/04\/LEstival_logo.svg","width":1,"height":1,"caption":"L'Estival"},"image":{"@id":"https:\/\/www.lestival.fr\/#\/schema\/logo\/image\/"},"sameAs":["https:\/\/www.facebook.com\/lestival78","https:\/\/www.youtube.com\/channel\/UCVHzUiDmRN4LM7SSEKEC0OA","https:\/\/www.instagram.com\/lestival78"]}]}},"_links":{"self":[{"href":"https:\/\/markuscrea.ovh\/lestival\/wp-json\/wp\/v2\/pages\/87","targetHints":{"allow":["GET"]}}],"collection":[{"href":"https:\/\/markuscrea.ovh\/lestival\/wp-json\/wp\/v2\/pages"}],"about":[{"href":"https:\/\/markuscrea.ovh\/lestival\/wp-json\/wp\/v2\/types\/page"}],"author":[{"embeddable":true,"href":"https:\/\/markuscrea.ovh\/lestival\/wp-json\/wp\/v2\/users\/1"}],"replies":[{"embeddable":true,"href":"https:\/\/markuscrea.ovh\/lestival\/wp-json\/wp\/v2\/comments?post=87"}],"version-history":[{"count":17,"href":"https:\/\/markuscrea.ovh\/lestival\/wp-json\/wp\/v2\/pages\/87\/revisions"}],"predecessor-version":[{"id":2615,"href":"https:\/\/markuscrea.ovh\/lestival\/wp-json\/wp\/v2\/pages\/87\/revisions\/2615"}],"wp:featuredmedia":[{"embeddable":true,"href":"https:\/\/markuscrea.ovh\/lestival\/wp-json\/wp\/v2\/media\/1065"}],"wp:attachment":[{"href":"https:\/\/markuscrea.ovh\/lestival\/wp-json\/wp\/v2\/media?parent=87"}],"curies":[{"name":"wp","href":"https:\/\/api.w.org\/{rel}","templated":true}]}}